{"id":72453,"date":"2020-07-06T11:19:10","date_gmt":"2020-11-21T10:01:45","guid":{"rendered":"https:\/\/bartolucci.eu\/fixing-systems\/senza-categoria\/frt-pa6-disk-for-fixings\/"},"modified":"2025-03-07T13:01:39","modified_gmt":"2025-03-07T12:01:39","slug":"frt-pa6-disk-for-fixings","status":"publish","type":"product","link":"https:\/\/bartolucci.eu\/en\/sistemi-di-fissaggio\/frt-pa6-disk-for-fixings\/","title":{"rendered":"FRT \\ PA6 DISK FOR FIXINGS"},"content":{"rendered":"<p style=\"text-align: left;\"><a class=\"more-link medium\" href=\"https:\/\/bartolucci.eu\/wp-content\/uploads\/2020\/07\/FRT-Washer-ENG.pdf\" target=\"blank\" rel=\"noopener noreferrer\">View the technical sheet<\/a><\/p>\n<p>[vc_separator color=&#8221;#eeeeee&#8221; type=&#8221;normal&#8221; thickness=&#8221;1&#8243; up=&#8221;&#8221; down=&#8221;&#8221;]<\/p>\n","protected":false},"excerpt":{"rendered":"<p>The FRT fixings consist of a grey PA6 disk that is fixed to the support by way of a \u00d8 6 mm flathead self-tapping screw or \u00d8 6 o \u00d8 8 mm hammering dowel. Tightening the self-tapping screw or hammering dowel into the central base of the disk creates the correct pressure to fix the insulation.<br \/>\nThe FRT is notably robust \u2013 perfect for structural reinforcement.<\/p>\n<p>The FRT series anchor is very affordable and ideal for any type of bearing.<br \/>\nThanks to its reduced width, levelling is substantially easier and faster.<\/p>\n","protected":false},"featured_media":73812,"template":"","meta":{"_acf_changed":false},"product_brand":[],"product_cat":[133],"product_tag":[],"class_list":{"0":"post-72453","1":"product","2":"type-product","3":"status-publish","4":"has-post-thumbnail","6":"product_cat-systems-and-accessories-for-structural-reinforcement","8":"first","9":"instock","10":"shipping-taxable","11":"product-type-simple"},"acf":[],"yoast_head":"<!-- This site is optimized with the Yoast SEO plugin v27.3 - https:\/\/yoast.com\/product\/yoast-seo-wordpress\/ -->\n<title>FRT \\ PA6 DISK FOR FIXINGS - Bartolucci Fixing System<\/title>\n<meta name=\"robots\" content=\"index, follow, max-snippet:-1, max-image-preview:large, max-video-preview:-1\" \/>\n<link rel=\"canonical\" href=\"https:\/\/bartolucci.eu\/en\/sistemi-di-fissaggio\/frt-pa6-disk-for-fixings\/\" \/>\n<meta property=\"og:locale\" content=\"en_US\" \/>\n<meta property=\"og:type\" content=\"article\" \/>\n<meta property=\"og:title\" content=\"FRT \\ PA6 DISK FOR FIXINGS - Bartolucci Fixing System\" \/>\n<meta property=\"og:description\" content=\"The FRT fixings consist of a grey PA6 disk that is fixed to the support by way of a \u00d8 6 mm flathead self-tapping screw or \u00d8 6 o \u00d8 8 mm hammering dowel. Tightening the self-tapping screw or hammering dowel into the central base of the disk creates the correct pressure to fix the insulation. The FRT is notably robust \u2013 perfect for structural reinforcement.  The FRT series anchor is very affordable and ideal for any type of bearing. Thanks to its reduced width, levelling is substantially easier and faster.\" \/>\n<meta property=\"og:url\" content=\"https:\/\/bartolucci.eu\/en\/sistemi-di-fissaggio\/frt-pa6-disk-for-fixings\/\" \/>\n<meta property=\"og:site_name\" content=\"Bartolucci Fixing System\" \/>\n<meta property=\"article:publisher\" content=\"https:\/\/www.facebook.com\/sistemidifissaggioBartolucci\/\" \/>\n<meta property=\"article:modified_time\" content=\"2025-03-07T12:01:39+00:00\" \/>\n<meta property=\"og:image\" content=\"https:\/\/bartolucci.eu\/wp-content\/uploads\/2020\/07\/FRT-0001.jpg\" \/>\n\t<meta property=\"og:image:width\" content=\"1000\" \/>\n\t<meta property=\"og:image:height\" content=\"1000\" \/>\n\t<meta property=\"og:image:type\" content=\"image\/jpeg\" \/>\n<meta name=\"twitter:card\" content=\"summary_large_image\" \/>\n<meta name=\"twitter:label1\" content=\"Est. reading time\" \/>\n\t<meta name=\"twitter:data1\" content=\"1 minute\" \/>\n<script type=\"application\/ld+json\" class=\"yoast-schema-graph\">{\"@context\":\"https:\\\/\\\/schema.org\",\"@graph\":[{\"@type\":\"WebPage\",\"@id\":\"https:\\\/\\\/bartolucci.eu\\\/en\\\/sistemi-di-fissaggio\\\/frt-pa6-disk-for-fixings\\\/\",\"url\":\"https:\\\/\\\/bartolucci.eu\\\/en\\\/sistemi-di-fissaggio\\\/frt-pa6-disk-for-fixings\\\/\",\"name\":\"FRT \\\\ PA6 DISK FOR FIXINGS - Bartolucci Fixing System\",\"isPartOf\":{\"@id\":\"https:\\\/\\\/bartolucci.eu\\\/en\\\/#website\"},\"primaryImageOfPage\":{\"@id\":\"https:\\\/\\\/bartolucci.eu\\\/en\\\/sistemi-di-fissaggio\\\/frt-pa6-disk-for-fixings\\\/#primaryimage\"},\"image\":{\"@id\":\"https:\\\/\\\/bartolucci.eu\\\/en\\\/sistemi-di-fissaggio\\\/frt-pa6-disk-for-fixings\\\/#primaryimage\"},\"thumbnailUrl\":\"https:\\\/\\\/bartolucci.eu\\\/wp-content\\\/uploads\\\/2020\\\/07\\\/FRT-0001.jpg\",\"datePublished\":\"2020-11-21T10:01:45+00:00\",\"dateModified\":\"2025-03-07T12:01:39+00:00\",\"breadcrumb\":{\"@id\":\"https:\\\/\\\/bartolucci.eu\\\/en\\\/sistemi-di-fissaggio\\\/frt-pa6-disk-for-fixings\\\/#breadcrumb\"},\"inLanguage\":\"en-US\",\"potentialAction\":[{\"@type\":\"ReadAction\",\"target\":[\"https:\\\/\\\/bartolucci.eu\\\/en\\\/sistemi-di-fissaggio\\\/frt-pa6-disk-for-fixings\\\/\"]}]},{\"@type\":\"ImageObject\",\"inLanguage\":\"en-US\",\"@id\":\"https:\\\/\\\/bartolucci.eu\\\/en\\\/sistemi-di-fissaggio\\\/frt-pa6-disk-for-fixings\\\/#primaryimage\",\"url\":\"https:\\\/\\\/bartolucci.eu\\\/wp-content\\\/uploads\\\/2020\\\/07\\\/FRT-0001.jpg\",\"contentUrl\":\"https:\\\/\\\/bartolucci.eu\\\/wp-content\\\/uploads\\\/2020\\\/07\\\/FRT-0001.jpg\",\"width\":1000,\"height\":1000},{\"@type\":\"BreadcrumbList\",\"@id\":\"https:\\\/\\\/bartolucci.eu\\\/en\\\/sistemi-di-fissaggio\\\/frt-pa6-disk-for-fixings\\\/#breadcrumb\",\"itemListElement\":[{\"@type\":\"ListItem\",\"position\":1,\"name\":\"Home\",\"item\":\"https:\\\/\\\/bartolucci.eu\\\/en\\\/\"},{\"@type\":\"ListItem\",\"position\":2,\"name\":\"FIXING SYSTEMS\",\"item\":\"https:\\\/\\\/bartolucci.eu\\\/en\\\/fixing-systems\\\/\"},{\"@type\":\"ListItem\",\"position\":3,\"name\":\"FRT \\\\ PA6 DISK FOR FIXINGS\"}]},{\"@type\":\"WebSite\",\"@id\":\"https:\\\/\\\/bartolucci.eu\\\/en\\\/#website\",\"url\":\"https:\\\/\\\/bartolucci.eu\\\/en\\\/\",\"name\":\"Bartolucci Fixing System\",\"description\":\"Fixing systems and plastics producers\",\"potentialAction\":[{\"@type\":\"SearchAction\",\"target\":{\"@type\":\"EntryPoint\",\"urlTemplate\":\"https:\\\/\\\/bartolucci.eu\\\/en\\\/?s={search_term_string}\"},\"query-input\":{\"@type\":\"PropertyValueSpecification\",\"valueRequired\":true,\"valueName\":\"search_term_string\"}}],\"inLanguage\":\"en-US\"}]}<\/script>\n<!-- \/ Yoast SEO plugin. -->","yoast_head_json":{"title":"FRT \\ PA6 DISK FOR FIXINGS - Bartolucci Fixing System","robots":{"index":"index","follow":"follow","max-snippet":"max-snippet:-1","max-image-preview":"max-image-preview:large","max-video-preview":"max-video-preview:-1"},"canonical":"https:\/\/bartolucci.eu\/en\/sistemi-di-fissaggio\/frt-pa6-disk-for-fixings\/","og_locale":"en_US","og_type":"article","og_title":"FRT \\ PA6 DISK FOR FIXINGS - Bartolucci Fixing System","og_description":"The FRT fixings consist of a grey PA6 disk that is fixed to the support by way of a \u00d8 6 mm flathead self-tapping screw or \u00d8 6 o \u00d8 8 mm hammering dowel. Tightening the self-tapping screw or hammering dowel into the central base of the disk creates the correct pressure to fix the insulation. The FRT is notably robust \u2013 perfect for structural reinforcement.  The FRT series anchor is very affordable and ideal for any type of bearing. Thanks to its reduced width, levelling is substantially easier and faster.","og_url":"https:\/\/bartolucci.eu\/en\/sistemi-di-fissaggio\/frt-pa6-disk-for-fixings\/","og_site_name":"Bartolucci Fixing System","article_publisher":"https:\/\/www.facebook.com\/sistemidifissaggioBartolucci\/","article_modified_time":"2025-03-07T12:01:39+00:00","og_image":[{"width":1000,"height":1000,"url":"https:\/\/bartolucci.eu\/wp-content\/uploads\/2020\/07\/FRT-0001.jpg","type":"image\/jpeg"}],"twitter_card":"summary_large_image","twitter_misc":{"Est. reading time":"1 minute"},"schema":{"@context":"https:\/\/schema.org","@graph":[{"@type":"WebPage","@id":"https:\/\/bartolucci.eu\/en\/sistemi-di-fissaggio\/frt-pa6-disk-for-fixings\/","url":"https:\/\/bartolucci.eu\/en\/sistemi-di-fissaggio\/frt-pa6-disk-for-fixings\/","name":"FRT \\ PA6 DISK FOR FIXINGS - Bartolucci Fixing System","isPartOf":{"@id":"https:\/\/bartolucci.eu\/en\/#website"},"primaryImageOfPage":{"@id":"https:\/\/bartolucci.eu\/en\/sistemi-di-fissaggio\/frt-pa6-disk-for-fixings\/#primaryimage"},"image":{"@id":"https:\/\/bartolucci.eu\/en\/sistemi-di-fissaggio\/frt-pa6-disk-for-fixings\/#primaryimage"},"thumbnailUrl":"https:\/\/bartolucci.eu\/wp-content\/uploads\/2020\/07\/FRT-0001.jpg","datePublished":"2020-11-21T10:01:45+00:00","dateModified":"2025-03-07T12:01:39+00:00","breadcrumb":{"@id":"https:\/\/bartolucci.eu\/en\/sistemi-di-fissaggio\/frt-pa6-disk-for-fixings\/#breadcrumb"},"inLanguage":"en-US","potentialAction":[{"@type":"ReadAction","target":["https:\/\/bartolucci.eu\/en\/sistemi-di-fissaggio\/frt-pa6-disk-for-fixings\/"]}]},{"@type":"ImageObject","inLanguage":"en-US","@id":"https:\/\/bartolucci.eu\/en\/sistemi-di-fissaggio\/frt-pa6-disk-for-fixings\/#primaryimage","url":"https:\/\/bartolucci.eu\/wp-content\/uploads\/2020\/07\/FRT-0001.jpg","contentUrl":"https:\/\/bartolucci.eu\/wp-content\/uploads\/2020\/07\/FRT-0001.jpg","width":1000,"height":1000},{"@type":"BreadcrumbList","@id":"https:\/\/bartolucci.eu\/en\/sistemi-di-fissaggio\/frt-pa6-disk-for-fixings\/#breadcrumb","itemListElement":[{"@type":"ListItem","position":1,"name":"Home","item":"https:\/\/bartolucci.eu\/en\/"},{"@type":"ListItem","position":2,"name":"FIXING SYSTEMS","item":"https:\/\/bartolucci.eu\/en\/fixing-systems\/"},{"@type":"ListItem","position":3,"name":"FRT \\ PA6 DISK FOR FIXINGS"}]},{"@type":"WebSite","@id":"https:\/\/bartolucci.eu\/en\/#website","url":"https:\/\/bartolucci.eu\/en\/","name":"Bartolucci Fixing System","description":"Fixing systems and plastics producers","potentialAction":[{"@type":"SearchAction","target":{"@type":"EntryPoint","urlTemplate":"https:\/\/bartolucci.eu\/en\/?s={search_term_string}"},"query-input":{"@type":"PropertyValueSpecification","valueRequired":true,"valueName":"search_term_string"}}],"inLanguage":"en-US"}]}},"_links":{"self":[{"href":"https:\/\/bartolucci.eu\/en\/wp-json\/wp\/v2\/product\/72453","targetHints":{"allow":["GET"]}}],"collection":[{"href":"https:\/\/bartolucci.eu\/en\/wp-json\/wp\/v2\/product"}],"about":[{"href":"https:\/\/bartolucci.eu\/en\/wp-json\/wp\/v2\/types\/product"}],"wp:featuredmedia":[{"embeddable":true,"href":"https:\/\/bartolucci.eu\/en\/wp-json\/wp\/v2\/media\/73812"}],"wp:attachment":[{"href":"https:\/\/bartolucci.eu\/en\/wp-json\/wp\/v2\/media?parent=72453"}],"wp:term":[{"taxonomy":"product_brand","embeddable":true,"href":"https:\/\/bartolucci.eu\/en\/wp-json\/wp\/v2\/product_brand?post=72453"},{"taxonomy":"product_cat","embeddable":true,"href":"https:\/\/bartolucci.eu\/en\/wp-json\/wp\/v2\/product_cat?post=72453"},{"taxonomy":"product_tag","embeddable":true,"href":"https:\/\/bartolucci.eu\/en\/wp-json\/wp\/v2\/product_tag?post=72453"}],"curies":[{"name":"wp","href":"https:\/\/api.w.org\/{rel}","templated":true}]}}